{"id":197,"date":"2025-07-18T02:07:51","date_gmt":"2025-07-18T02:07:51","guid":{"rendered":"https:\/\/annenguyenle.com\/?page_id=197"},"modified":"2025-09-02T16:01:52","modified_gmt":"2025-09-02T16:01:52","slug":"xin-chao-ban","status":"publish","type":"page","link":"https:\/\/annenguyenle.com\/index.php\/xin-chao-ban\/","title":{"rendered":"Xin ch\u00e0o b\u1ea1n!"},"content":{"rendered":"\t\t<div data-elementor-type=\"wp-page\" data-elementor-id=\"197\" class=\"elementor elementor-197\">\n\t\t\t\t\t\t\t\t\t<section class=\"elementor-section elementor-top-section elementor-element elementor-element-5884184 elementor-section-boxed elementor-section-height-default elementor-section-height-default\" data-id=\"5884184\" data-element_type=\"section\">\n\t\t\t\t\t\t<div class=\"elementor-container elementor-column-gap-default\">\n\t\t\t\t\t<div class=\"elementor-column elementor-col-100 elementor-top-column elementor-element elementor-element-8bdf441\" data-id=\"8bdf441\" data-element_type=\"column\">\n\t\t\t<div class=\"elementor-widget-wrap elementor-element-populated\">\n\t\t\t\t\t\t\t\t<div class=\"elementor-element elementor-element-0d3159f elementor-widget elementor-widget-text-editor\" data-id=\"0d3159f\" data-element_type=\"widget\" data-widget_type=\"text-editor.default\">\n\t\t\t\t<div class=\"elementor-widget-container\">\n\t\t\t<style>\/*! elementor - v3.8.0 - 30-10-2022 *\/\n.elementor-widget-text-editor.elementor-drop-cap-view-stacked .elementor-drop-cap{background-color:#818a91;color:#fff}.elementor-widget-text-editor.elementor-drop-cap-view-framed .elementor-drop-cap{color:#818a91;border:3px solid;background-color:transparent}.elementor-widget-text-editor:not(.elementor-drop-cap-view-default) .elementor-drop-cap{margin-top:8px}.elementor-widget-text-editor:not(.elementor-drop-cap-view-default) .elementor-drop-cap-letter{width:1em;height:1em}.elementor-widget-text-editor .elementor-drop-cap{float:left;text-align:center;line-height:1;font-size:50px}.elementor-widget-text-editor .elementor-drop-cap-letter{display:inline-block}<\/style>\t\t\t\t<p><b>M\u00ecnh l\u00e0 Nguy\u00ean L\u00ea, t\u00ean \u0111\u1ea7y \u0111\u1ee7 L\u00ea Nguy\u1ec5n Th\u1ea3o Nguy\u00ean, b\u00fat danh Anne Nguy\u00ean L\u00ea.<\/b><\/p><p>Hi\u1ec7n m\u00ecnh l\u00e0 m\u1ed9t Marketer fulltime v\u00e0 m\u1ed9t T\u00e1c gi\u1ea3 s\u00e1ch partime. Ngo\u00e0i th\u1eddi gian l\u00e0m vi\u1ec7c full-time, m\u00ecnh th\u00edch vi\u1ebft l\u00e1ch v\u00e0 th\u01b0\u1eddng xuy\u00ean chia s\u1ebb v\u1ec1 c\u00e1c ch\u1ee7 \u0111\u1ec1:<\/p><ul><li><strong>H\u1ecdc B\u1ed5ng<\/strong><\/li><li><strong> Du H\u1ecdc<\/strong><\/li><li><strong>H\u1ecdc T\u1eadp<\/strong><\/li><li><strong>Ph\u00e1t Tri\u1ec3n B\u1ea3n Th\u00e2n<\/strong><\/li><li><strong>\u1ee8ng D\u1ee5ng AI Cho Ng\u01b0\u1eddi M\u1edbi B\u1eaft \u0110\u1ea7u<\/strong><\/li><li><strong>H\u00e0nh Tr\u00ecnh Vi\u1ebft S\u00e1ch<\/strong><\/li><\/ul><p>M\u00ecnh l\u1eadp ra website n\u00e0y \u0111\u1ec3 l\u01b0u tr\u1eef l\u1ea1i nh\u1eefng b\u00e0i vi\u1ebft v\u1ec1 c\u00e1c ch\u1ee7 \u0111\u1ec1 tr\u00ean m\u1ed9t c\u00e1ch c\u00f3 h\u1ec7 th\u1ed1ng, \u0111\u1ed3ng th\u1eddi l\u00e0m n\u1ec1n t\u1ea3ng ph\u00e1t tri\u1ec3n m\u1ed9t v\u00e0i Ebook mi\u1ec5n ph\u00ed, h\u1ec7 th\u1ed1ng l\u1ea1i ki\u1ebfn th\u1ee9c v\u00e0 chia s\u1ebb kinh nghi\u1ec7m v\u1edbi c\u00e1c b\u1ea1n h\u1ecdc sinh sinh vi\u00ean.<\/p>\t\t\t\t\t\t<\/div>\n\t\t\t\t<\/div>\n\t\t\t\t\t<\/div>\n\t\t<\/div>\n\t\t\t\t\t\t\t<\/div>\n\t\t<\/section>\n\t\t\t\t<section class=\"elementor-section elementor-top-section elementor-element elementor-element-31e1416 elementor-section-boxed elementor-section-height-default elementor-section-height-default\" data-id=\"31e1416\" data-element_type=\"section\">\n\t\t\t\t\t\t<div class=\"elementor-container elementor-column-gap-default\">\n\t\t\t\t\t<div class=\"elementor-column elementor-col-100 elementor-top-column elementor-element elementor-element-dcc562e\" data-id=\"dcc562e\" data-element_type=\"column\">\n\t\t\t<div class=\"elementor-widget-wrap elementor-element-populated\">\n\t\t\t\t\t\t\t\t<div class=\"elementor-element elementor-element-b7daddf elementor-widget elementor-widget-heading\" data-id=\"b7daddf\" data-element_type=\"widget\" data-widget_type=\"heading.default\">\n\t\t\t\t<div class=\"elementor-widget-container\">\n\t\t\t<style>\/*! elementor - v3.8.0 - 30-10-2022 *\/\n.elementor-heading-title{padding:0;margin:0;line-height:1}.elementor-widget-heading .elementor-heading-title[class*=elementor-size-]>a{color:inherit;font-size:inherit;line-height:inherit}.elementor-widget-heading .elementor-heading-title.elementor-size-small{font-size:15px}.elementor-widget-heading .elementor-heading-title.elementor-size-medium{font-size:19px}.elementor-widget-heading .elementor-heading-title.elementor-size-large{font-size:29px}.elementor-widget-heading .elementor-heading-title.elementor-size-xl{font-size:39px}.elementor-widget-heading .elementor-heading-title.elementor-size-xxl{font-size:59px}<\/style><h2 class=\"elementor-heading-title elementor-size-medium\">PROFILE C\u1ee6A NGUY\u00caN:<\/h2>\t\t<\/div>\n\t\t\t\t<\/div>\n\t\t\t\t\t<\/div>\n\t\t<\/div>\n\t\t\t\t\t\t\t<\/div>\n\t\t<\/section>\n\t\t\t\t<section class=\"elementor-section elementor-top-section elementor-element elementor-element-fa7a4e5 elementor-section-boxed elementor-section-height-default elementor-section-height-default\" data-id=\"fa7a4e5\" data-element_type=\"section\">\n\t\t\t\t\t\t<div class=\"elementor-container elementor-column-gap-default\">\n\t\t\t\t\t<div class=\"elementor-column elementor-col-100 elementor-top-column elementor-element elementor-element-4fb0bc0\" data-id=\"4fb0bc0\" data-element_type=\"column\">\n\t\t\t<div class=\"elementor-widget-wrap elementor-element-populated\">\n\t\t\t\t\t\t\t\t<div class=\"elementor-element elementor-element-8b14bd9 elementor-widget elementor-widget-text-editor\" data-id=\"8b14bd9\" data-element_type=\"widget\" data-widget_type=\"text-editor.default\">\n\t\t\t\t<div class=\"elementor-widget-container\">\n\t\t\t\t\t\t\t<ul><li><strong>N\u0103m 2012<\/strong>, \u0111\u1eadu v\u00e0o<strong> \u0110\u1ea1i h\u1ecdc Ngo\u1ea1i Th\u01b0\u01a1ng<\/strong> (C\u01a1 s\u1edf II), chuy\u00ean ng\u00e0nh T\u00e0i Ch\u00ednh Qu\u1ed1c T\u1ebf.<\/li><li><strong>N\u0103m 2013<\/strong>, \u1ee9ng tuy\u1ec3n v\u00e0 nh\u1eadn \u0111\u01b0\u1ee3c <strong>H\u1ecdc b\u1ed5ng to\u00e0n ph\u1ea7n c\u1ee7a \u0110\u1ea1i h\u1ecdc RMIT Vi\u1ec7t Nam<\/strong>, chuy\u00ean ng\u00e0nh <strong>Marketing<\/strong>. Nh\u1eadp h\u1ecdc t\u1ea1i tr\u01b0\u1eddng.<\/li><li><strong>N\u0103m 2016<\/strong>, tham gia ch\u01b0\u01a1ng tr\u00ecnh <strong>Trao \u0111\u1ed5i sinh vi\u00ean Exchange Program<\/strong> t\u1ea1i <strong>Amsterdam University of Applied Science<\/strong> (AUAS\/ HvA), H\u00e0 Lan. Th\u1eddi gian trao \u0111\u1ed5i: <strong>6 th\u00e1ng<\/strong>.<\/li><li><strong>N\u0103m 2017<\/strong>, <strong>t\u1ed1t nghi\u1ec7p<\/strong> c\u1eed nh\u00e2n \u0110\u1ea1i h\u1ecdc RMIT. <strong>Xu\u1ea5t b\u1ea3n s\u00e1ch \u201c\u0110\u00e3 Thi L\u00e0 Ph\u1ea3i Gi\u1eadt Gi\u1ea3i!\u201d<\/strong> chia s\u1ebb b\u00ed quy\u1ebft l\u00e0m h\u1ed3 s\u01a1 h\u1ecdc b\u1ed5ng v\u00e0 h\u1ecdc t\u1eadp t\u1ea1i THPT, \u0110\u1ea1i h\u1ecdc. \u0110\u01a1n v\u1ecb h\u1ee3p t\u00e1c: Saigon Books, NXB Th\u1ebf Gi\u1edbi.<\/li><li><strong>T\u1eeb n\u0103m 2017 ~ 2019<\/strong>, v\u1eeba \u0111i l\u00e0m trong ng\u00e0nh Marketing, v\u1eeba tham gia m\u1ed9t s\u1ed1 ho\u1ea1t \u0111\u1ed9ng truy\u1ec1n th\u00f4ng, qu\u1ea3ng b\u00e1 s\u00e1ch.<ul><li><em><strong>V\u1ec1 c\u00f4ng vi\u1ec7c Marketing<\/strong><\/em>: Trong hai n\u0103m n\u00e0y, m\u00ecnh tr\u1ea3i qua t\u1ed5ng c\u1ed9ng 3 c\u00f4ng ty, \u0111i t\u1eeb v\u1ecb tr\u00ed Th\u1ef1c T\u1eadp Marketing (Marketing Intern) <img decoding=\"async\" class=\"emoji\" role=\"img\" draggable=\"false\" src=\"https:\/\/s.w.org\/images\/core\/emoji\/16.0.1\/svg\/27a1.svg\" alt=\"\u27a1\ufe0f\" \/> Account Manager t\u1ea1i m\u1ed9t agency <img decoding=\"async\" class=\"emoji\" role=\"img\" draggable=\"false\" src=\"https:\/\/s.w.org\/images\/core\/emoji\/16.0.1\/svg\/27a1.svg\" alt=\"\u27a1\ufe0f\" \/> Chuy\u00ean vi\u00ean Marketing c\u1ea5p cao (Senior Marketing Executive).<\/li><li><em><strong>V\u1ec1 ho\u1ea1t \u0111\u1ed9ng truy\u1ec1n th\u00f4ng, qu\u1ea3ng b\u00e1 s\u00e1ch<\/strong><\/em>: M\u00ecnh t\u1eebng l\u00e0m kh\u00e1ch m\u1eddi cho <strong>10+ s\u1ef1 ki\u1ec7n<\/strong>, bao g\u1ed3m c\u00e1c ch\u01b0\u01a1ng tr\u00ecnh (HTV, VOH, TV Show Tinh Hoa Vi\u1ec7t), 2 s\u1ef1 ki\u1ec7n c\u1ee7a \u0110\u1ea1i h\u1ecdc RMIT, 2 s\u1ef1 ki\u1ec7n t\u1ea1i nh\u00e0 s\u00e1ch FAHASA v\u00e0 1 show iziTalk c\u1ee7a c\u1ed9ng \u0111\u1ed3ng iziEnglish Community HCM. Chi ti\u1ebft t\u1ea1i: <a href=\"https:\/\/sites.google.com\/view\/anne-nguyen-le\/home\">Portfolio<\/a>.<\/li><\/ul><\/li><li><strong>Th\u00e1ng 7\/2019<\/strong>, nh\u1eadn offer <strong>Tr\u01b0\u1edfng ph\u00f2ng Marketing (Marketing Manager)<\/strong> t\u1ea1i th\u1ecb tr\u01b0\u1eddng VN cho m\u1ed9t th\u01b0\u01a1ng hi\u1ec7u H\u00e0n Qu\u1ed1c. M\u00ecnh t\u1ea1m d\u1eebng c\u00e1c ho\u1ea1t \u0111\u1ed9ng vi\u1ebft l\u00e1ch \u0111\u1ec3 t\u1eadp trung h\u1ecdc h\u1ecfi th\u00eam ki\u1ebfn th\u1ee9c v\u00e0 trau d\u1ed3i k\u1ef9 n\u0103ng qu\u1ea3n l\u00fd, l\u00e3nh \u0111\u1ea1o. Hi\u1ec7n t\u1ea1i, m\u00ecnh \u0111\u00e3 l\u00e0m c\u00f4ng vi\u1ec7c n\u00e0y \u0111\u01b0\u1ee3c h\u01a1n 6 n\u0103m.<\/li><li><strong>\u0110\u1ea7u n\u0103m 2025,<\/strong> m\u00ecnh b\u1eaft tay v\u00e0o ch\u1ec9nh s\u1eeda l\u1ea1i b\u1ea3n th\u1ea3o \u201c\u0110\u00e3 Thi L\u00e0 Ph\u1ea3i Gi\u1eadt Gi\u1ea3i!\u201d (2017), c\u1eadp nh\u1eadt th\u00eam nhi\u1ec1u ki\u1ebfn th\u1ee9c, kinh nghi\u1ec7m, tr\u1ea3i nghi\u1ec7m m\u1edbi.<\/li><li><strong>Th\u00e1ng 8\/2025,<\/strong> m\u00ecnh t\u00e1i c\u1ea5u tr\u00fac m\u1ee5c l\u1ee5c v\u00e0 thay \u0111\u1ed5i n\u1ed9i dung s\u00e1ch, xem \u0111\u00e2y l\u00e0 m\u1ed9t quy\u1ec3n s\u00e1ch m\u1edbi ho\u00e0n to\u00e0n ch\u1ee9 kh\u00f4ng c\u00f2n l\u00e0 phi\u00ean b\u1ea3n t\u00e1i b\u1ea3n nh\u01b0 tr\u01b0\u1edbc n\u1eefa.<\/li><li><strong>T\u00ean s\u00e1ch m\u1edbi<\/strong> v\u1eabn \u0111ang trong giai \u0111o\u1ea1n b\u00e0n b\u1ea1c v\u1edbi \u0111\u01a1n v\u1ecb xu\u1ea5t b\u1ea3n. <strong>D\u1ef1 ki\u1ebfn ra m\u1eaft v\u00e0o \u0111\u1ea7u n\u0103m 2026.<\/strong> \u0110\u1ebfn l\u00fac \u0111\u00f3, hy v\u1ecdng s\u00e1ch s\u1ebd nh\u1eadn \u0111\u01b0\u1ee3c th\u1eadt nhi\u1ec1u s\u1ef1 \u1ee7ng h\u1ed9 t\u1eeb c\u00e1c b\u1ea1n \u0111\u1ed9c gi\u1ea3.<\/li><\/ul><p>M\u00ecnh tin r\u1eb1ng, h\u00e0nh tr\u00ecnh h\u1ecdc t\u1eadp v\u00e0 l\u00e0m vi\u1ec7c kh\u00f4ng ch\u1ec9 l\u00e0 \u0111\u1ec3 c\u00f3 \u0111\u01b0\u1ee3c th\u00e0nh t\u00edch, m\u00e0 c\u00f2n l\u00e0 \u0111\u1ec3 hi\u1ec3u r\u00f5 h\u01a1n v\u1ec1 b\u1ea3n th\u00e2n v\u00e0 lan t\u1ecfa nh\u1eefng gi\u00e1 tr\u1ecb t\u00edch c\u1ef1c \u0111\u1ebfn c\u1ed9ng \u0111\u1ed3ng. Website n\u00e0y kh\u00f4ng ch\u1ec9 l\u00e0 n\u01a1i l\u01b0u tr\u1eef nh\u1eefng g\u00ec m\u00ecnh \u0111\u00e3 tr\u1ea3i qua, m\u00e0 c\u00f2n l\u00e0 kh\u00f4ng gian \u0111\u1ec3 m\u00ecnh ti\u1ebfp t\u1ee5c h\u1ecdc h\u1ecfi, chia s\u1ebb v\u00e0 k\u1ebft n\u1ed1i v\u1edbi c\u00e1c b\u1ea1n \u2013 nh\u1eefng ng\u01b0\u1eddi c\u0169ng \u0111ang tr\u00ean h\u00e0nh tr\u00ecnh kh\u00e1m ph\u00e1 v\u00e0 ph\u00e1t tri\u1ec3n ch\u00ednh m\u00ecnh.<\/p><p>C\u1ea3m \u01a1n b\u1ea1n \u0111\u00e3 gh\u00e9 th\u0103m, v\u00e0 n\u1ebfu c\u00f3 \u0111i\u1ec1u g\u00ec khi\u1ebfn b\u1ea1n quan t\u00e2m ho\u1eb7c mu\u1ed1n trao \u0111\u1ed5i th\u00eam, \u0111\u1eebng ng\u1ea1i nh\u1eafn cho m\u00ecnh qua fanpage<a href=\"https:\/\/www.facebook.com\/annenguyenleofficial\/\"> Anne Nguy\u00ean L\u00ea<\/a> ho\u1eb7c \u0111\u1ec3 l\u1ea1i comment tr\u00ean website n\u00e0y nh\u00e9!<\/p><p>Ch\u00fac b\u1ea1n lu\u00f4n gi\u1eef v\u1eefng \u0111am m\u00ea, tin v\u00e0o l\u1ef1a ch\u1ecdn c\u1ee7a m\u00ecnh v\u00e0 \u0111\u1ee7 b\u1ec1n b\u1ec9 \u0111\u1ec3 \u0111i \u0111\u1ebfn c\u00f9ng con \u0111\u01b0\u1eddng b\u1ea1n ch\u1ecdn.<\/p><p><strong>\u2013 Anne Nguy\u00ean L\u00ea.<\/strong><\/p>\t\t\t\t\t\t<\/div>\n\t\t\t\t<\/div>\n\t\t\t\t\t<\/div>\n\t\t<\/div>\n\t\t\t\t\t\t\t<\/div>\n\t\t<\/section>\n\t\t\t\t\t\t\t<\/div>\n\t\t","protected":false},"excerpt":{"rendered":"<p>M\u00ecnh l\u00e0 Nguy\u00ean L\u00ea, t\u00ean \u0111\u1ea7y \u0111\u1ee7 L\u00ea Nguy\u1ec5n Th\u1ea3o Nguy\u00ean, b\u00fat danh Anne Nguy\u00ean L\u00ea. Hi\u1ec7n m\u00ecnh l\u00e0 m\u1ed9t Marketer fulltime v\u00e0 m\u1ed9t T\u00e1c gi\u1ea3 s\u00e1ch partime. Ngo\u00e0i th\u1eddi gian l\u00e0m vi\u1ec7c full-time, m\u00ecnh th\u00edch vi\u1ebft l\u00e1ch v\u00e0 th\u01b0\u1eddng xuy\u00ean chia s\u1ebb v\u1ec1 c\u00e1c ch\u1ee7 \u0111\u1ec1: H\u1ecdc B\u1ed5ng Du H\u1ecdc H\u1ecdc T\u1eadp Ph\u00e1t Tri\u1ec3n [&hellip;]<\/p>\n","protected":false},"author":1,"featured_media":458,"parent":0,"menu_order":0,"comment_status":"closed","ping_status":"closed","template":"","meta":{"footnotes":""},"class_list":["post-197","page","type-page","status-publish","has-post-thumbnail","hentry"],"_links":{"self":[{"href":"https:\/\/annenguyenle.com\/index.php\/wp-json\/wp\/v2\/pages\/197","targetHints":{"allow":["GET"]}}],"collection":[{"href":"https:\/\/annenguyenle.com\/index.php\/wp-json\/wp\/v2\/pages"}],"about":[{"href":"https:\/\/annenguyenle.com\/index.php\/wp-json\/wp\/v2\/types\/page"}],"author":[{"embeddable":true,"href":"https:\/\/annenguyenle.com\/index.php\/wp-json\/wp\/v2\/users\/1"}],"replies":[{"embeddable":true,"href":"https:\/\/annenguyenle.com\/index.php\/wp-json\/wp\/v2\/comments?post=197"}],"version-history":[{"count":18,"href":"https:\/\/annenguyenle.com\/index.php\/wp-json\/wp\/v2\/pages\/197\/revisions"}],"predecessor-version":[{"id":533,"href":"https:\/\/annenguyenle.com\/index.php\/wp-json\/wp\/v2\/pages\/197\/revisions\/533"}],"wp:featuredmedia":[{"embeddable":true,"href":"https:\/\/annenguyenle.com\/index.php\/wp-json\/wp\/v2\/media\/458"}],"wp:attachment":[{"href":"https:\/\/annenguyenle.com\/index.php\/wp-json\/wp\/v2\/media?parent=197"}],"curies":[{"name":"wp","href":"https:\/\/api.w.org\/{rel}","templated":true}]}}